{"id":11043,"date":"2022-05-30T13:45:19","date_gmt":"2022-05-30T11:45:19","guid":{"rendered":"https:\/\/scriptor.de\/?page_id=11043"},"modified":"2023-08-22T10:42:35","modified_gmt":"2023-08-22T08:42:35","slug":"projekte","status":"publish","type":"page","link":"https:\/\/scriptor.de\/?page_id=11043","title":{"rendered":"Projekte"},"content":{"rendered":"<div id='av-layout-grid-1'  class='av-layout-grid-container av-llm0j3pe-4b26729cf938237eb3be41fe96189824 entry-content-wrapper main_color av-flex-cells  avia-builder-el-0  el_before_av_section  avia-builder-el-first  av-small-hide av-mini-hide container_wrap sidebar_right'  >\n\n<style type=\"text\/css\" data-created_by=\"avia_inline_auto\" id=\"style-css-av-2gr78qr-7c3c65e9e92aa0113a30123713940cca\">\n.flex_cell.av-2gr78qr-7c3c65e9e92aa0113a30123713940cca{\nvertical-align:middle;\nheight:75px;\nmin-height:75px;\nbackground-color:rgba(209,216,49,0.61);\n}\n<\/style>\n<div class='flex_cell av-2gr78qr-7c3c65e9e92aa0113a30123713940cca av-gridrow-cell av_one_fifth no_margin av-hide-on-mobile  avia-builder-el-1  el_before_av_cell_one_fifth  avia-builder-el-first  content-align-middle'  ><div class='flex_cell_inner'><\/div><\/div>\n<style type=\"text\/css\" data-created_by=\"avia_inline_auto\" id=\"style-css-av-7973lv-b489ef2e667d2e953d9707b02ef32937\">\n.flex_cell.av-7973lv-b489ef2e667d2e953d9707b02ef32937{\nvertical-align:middle;\nheight:75px;\nmin-height:75px;\nbackground-color:rgba(209,216,49,0.61);\n}\n<\/style>\n<div class='flex_cell av-7973lv-b489ef2e667d2e953d9707b02ef32937 av-gridrow-cell av_one_fifth no_margin av-hide-on-mobile  avia-builder-el-2  el_after_av_cell_one_fifth  el_before_av_cell_one_fifth  content-align-middle'  ><div class='flex_cell_inner'><\/div><\/div>\n<style type=\"text\/css\" data-created_by=\"avia_inline_auto\" id=\"style-css-av-1ticcub-82bff438bf90149082e738fd88237ab8\">\n.flex_cell.av-1ticcub-82bff438bf90149082e738fd88237ab8{\nvertical-align:middle;\nheight:75px;\nmin-height:75px;\nbackground-color:#d1d831;\n}\n<\/style>\n<div class='flex_cell av-1ticcub-82bff438bf90149082e738fd88237ab8 av-gridrow-cell av_one_fifth no_margin  avia-builder-el-3  el_after_av_cell_one_fifth  el_before_av_cell_one_fifth  content-align-middle'  ><div class='flex_cell_inner'>\n<style type=\"text\/css\" data-created_by=\"avia_inline_auto\" id=\"style-css-av-llm0hrc2-fd3796bc7b46f0f15895e8d894e5f68d\">\n#top .av-special-heading.av-llm0hrc2-fd3796bc7b46f0f15895e8d894e5f68d{\nmargin:-15px 0px -15px 0px;\npadding-bottom:0;\ncolor:#ffffff;\n}\nbody .av-special-heading.av-llm0hrc2-fd3796bc7b46f0f15895e8d894e5f68d .av-special-heading-tag .heading-char{\nfont-size:25px;\n}\n.av-special-heading.av-llm0hrc2-fd3796bc7b46f0f15895e8d894e5f68d .special-heading-inner-border{\nborder-color:#eeee22;\n}\n.av-special-heading.av-llm0hrc2-fd3796bc7b46f0f15895e8d894e5f68d .av-subheading{\nfont-size:15px;\ncolor:#b02b2c;\n}\nbody .av-special-heading.av-llm0hrc2-fd3796bc7b46f0f15895e8d894e5f68d .av-special-heading-tag .heading-wrap:before{\nborder-color:#eeee22;\n}\nbody .av-special-heading.av-llm0hrc2-fd3796bc7b46f0f15895e8d894e5f68d .av-special-heading-tag .heading-wrap:after{\nborder-color:#eeee22;\n}\n<\/style>\n<div  id=\"anker_mission\"  class='av-special-heading av-llm0hrc2-fd3796bc7b46f0f15895e8d894e5f68d av-special-heading-h2 custom-color-heading blockquote modern-quote modern-centered  avia-builder-el-4  avia-builder-el-no-sibling '><h2 class='av-special-heading-tag '  itemprop=\"headline\"  >PROJEKTE<\/h2><div class=\"special-heading-border\"><div class=\"special-heading-inner-border\"><\/div><\/div><\/div>\n<\/div><\/div>\n<style type=\"text\/css\" data-created_by=\"avia_inline_auto\" id=\"style-css-av-11c8q5f-9e1fab5ef87ac30d6275d0b44be8086f\">\n.flex_cell.av-11c8q5f-9e1fab5ef87ac30d6275d0b44be8086f{\nvertical-align:middle;\nheight:75px;\nmin-height:75px;\nbackground-color:rgba(209,216,49,0.61);\n}\n<\/style>\n<div class='flex_cell av-11c8q5f-9e1fab5ef87ac30d6275d0b44be8086f av-gridrow-cell av_one_fifth no_margin av-hide-on-mobile  avia-builder-el-5  el_after_av_cell_one_fifth  el_before_av_cell_one_fifth  content-align-middle'  ><div class='flex_cell_inner'><\/div><\/div>\n<style type=\"text\/css\" data-created_by=\"avia_inline_auto\" id=\"style-css-av-troher-b0f178f9a1c9a4421a26b82c0acbd421\">\n.flex_cell.av-troher-b0f178f9a1c9a4421a26b82c0acbd421{\nvertical-align:middle;\nheight:75px;\nmin-height:75px;\nbackground-color:rgba(209,216,49,0.61);\n}\n<\/style>\n<div class='flex_cell av-troher-b0f178f9a1c9a4421a26b82c0acbd421 av-gridrow-cell av_one_fifth no_margin av-hide-on-mobile  avia-builder-el-6  el_after_av_cell_one_fifth  avia-builder-el-last  content-align-middle'  ><div class='flex_cell_inner'><\/div><\/div>\n<\/div>\n\n<style type=\"text\/css\" data-created_by=\"avia_inline_auto\" id=\"style-css-av-l5gtbimv-4fdbd2c63e8d0009d073f2696f3e5289\">\n.avia-section.av-l5gtbimv-4fdbd2c63e8d0009d073f2696f3e5289{\nbackground-color:#d1d831;\nbackground-image:unset;\nmargin-top:0px;\nmargin-bottom:0px;\n}\n<\/style>\n<div id='av_section_1'  class='avia-section av-l5gtbimv-4fdbd2c63e8d0009d073f2696f3e5289 main_color avia-section-no-padding avia-no-border-styling  avia-builder-el-7  el_after_av_layout_row  el_before_av_hr  av-desktop-hide av-medium-hide avia-bg-style-scroll container_wrap sidebar_right'  ><div class='container av-section-cont-open' ><div class='template-page content  av-content-small alpha units'><div class='post-entry post-entry-type-page post-entry-11043'><div class='entry-content-wrapper clearfix'>\n\n<style type=\"text\/css\" data-created_by=\"avia_inline_auto\" id=\"style-css-av-16tb7dv-e03fd3be318d470b1e327e9263523b09\">\n#top .hr.hr-invisible.av-16tb7dv-e03fd3be318d470b1e327e9263523b09{\nheight:50px;\n}\n<\/style>\n<div  class='hr av-16tb7dv-e03fd3be318d470b1e327e9263523b09 hr-invisible  avia-builder-el-8  el_before_av_heading  avia-builder-el-first '><span class='hr-inner '><span class=\"hr-inner-style\"><\/span><\/span><\/div>\n\n<style type=\"text\/css\" data-created_by=\"avia_inline_auto\" id=\"style-css-av-l5gtk304-3282f3d34010d955c552bcef44155b95\">\n#top .av-special-heading.av-l5gtk304-3282f3d34010d955c552bcef44155b95{\nmargin:0 0 -50px 0;\npadding-bottom:0;\ncolor:#ffffff;\n}\nbody .av-special-heading.av-l5gtk304-3282f3d34010d955c552bcef44155b95 .av-special-heading-tag .heading-char{\nfont-size:25px;\n}\n.av-special-heading.av-l5gtk304-3282f3d34010d955c552bcef44155b95 .special-heading-inner-border{\nborder-color:#ffffff;\n}\n.av-special-heading.av-l5gtk304-3282f3d34010d955c552bcef44155b95 .av-subheading{\nfont-size:15px;\n}\n<\/style>\n<div  class='av-special-heading av-l5gtk304-3282f3d34010d955c552bcef44155b95 av-special-heading-h2 custom-color-heading blockquote modern-quote modern-centered  avia-builder-el-9  el_after_av_hr  avia-builder-el-last '><h2 class='av-special-heading-tag '  itemprop=\"headline\"  >PROJEKTE<\/h2><div class=\"special-heading-border\"><div class=\"special-heading-inner-border\"><\/div><\/div><\/div>\n<\/div><\/div><\/div><!-- close content main div --><\/div><\/div><div id='after_section_1'  class='main_color av_default_container_wrap container_wrap sidebar_right'  ><div class='container av-section-cont-open' ><div class='template-page content  av-content-small alpha units'><div class='post-entry post-entry-type-page post-entry-11043'><div class='entry-content-wrapper clearfix'>\n\n<style type=\"text\/css\" data-created_by=\"avia_inline_auto\" id=\"style-css-av-oohekj-125e117d39a45a48cd305ab4e7e47574\">\n#top .hr.hr-invisible.av-oohekj-125e117d39a45a48cd305ab4e7e47574{\nheight:50px;\n}\n<\/style>\n<div  class='hr av-oohekj-125e117d39a45a48cd305ab4e7e47574 hr-invisible  avia-builder-el-10  el_after_av_section  el_before_av_one_full  avia-builder-el-first '><span class='hr-inner '><span class=\"hr-inner-style\"><\/span><\/span><\/div>\n<div  class='flex_column av-maouar-45e91a4036814d7d621e0b8dbe412582 av_one_full  avia-builder-el-11  el_after_av_hr  el_before_av_hr  first flex_column_div  '     ><style type=\"text\/css\" data-created_by=\"avia_inline_auto\" id=\"style-css-av-llm1hz9k-e60ecf295badd36bbe5f0cebcc3218b5\">\n#top .av_textblock_section.av-llm1hz9k-e60ecf295badd36bbe5f0cebcc3218b5 .avia_textblock{\ntext-align:justify;\n}\n<\/style>\n<section  class='av_textblock_section av-llm1hz9k-e60ecf295badd36bbe5f0cebcc3218b5 '   itemscope=\"itemscope\" itemtype=\"https:\/\/schema.org\/CreativeWork\" ><div class='avia_textblock'  itemprop=\"text\" ><p>Seit \u00fcber 30 Jahren begleiten wir Kunden beim Thema Technische Dokumentation. Wir beraten und realisieren Projekte von der Konzeption \u00fcber Integration bis hin zur Realisierung in ganz individuellen Dimensionen. \u00dcber die Jahre haben wir uns ein guten Kundenstamm erarbeitet. Von der Zusammenarbeit mit einigen Kunden m\u00f6chten wir Ihnen hier erz\u00e4hlen.<\/p>\n<\/div><\/section><\/div>\n\n<style type=\"text\/css\" data-created_by=\"avia_inline_auto\" id=\"style-css-av-l7j3vau7-9ed8febfd7691239268b81d96f5e922c\">\n#top .hr.hr-invisible.av-l7j3vau7-9ed8febfd7691239268b81d96f5e922c{\nheight:25px;\n}\n<\/style>\n<div  class='hr av-l7j3vau7-9ed8febfd7691239268b81d96f5e922c hr-invisible  avia-builder-el-13  el_after_av_one_full  el_before_av_one_full '><span class='hr-inner '><span class=\"hr-inner-style\"><\/span><\/span><\/div>\n<div  class='flex_column av-1cywqqr-f29f7f7319b5b5962371fa40402e3a65 av_one_full  avia-builder-el-14  el_after_av_hr  el_before_av_hr  first flex_column_div  '     ><div  id=\"av-sc-portfolio-1\"  class=' grid-sort-container isotope   no_margin-container with-title-container grid-total-odd grid-col-3 grid-links-' data-portfolio-id='1'><div data-ajax-id='20234' class=' grid-entry flex_column isotope-item all_sort no_margin post-entry post-entry-20234 grid-entry-overview grid-loop-1 grid-parity-odd  projektportrait_sort  av_one_third first default_av_fullwidth '><article class='main_color inner-entry'  itemscope=\"itemscope\" itemtype=\"https:\/\/schema.org\/CreativeWork\" ><a href=\"https:\/\/scriptor.de\/?portfolio=dft-duerkopp-foerdertechnik\" title='DFT &#8211; D\u00fcrkopp F\u00f6rdertechnik'  data-rel='grid-1' class='grid-image avia-hover-fx'> <img decoding=\"async\" fetchpriority=\"high\" width=\"495\" height=\"400\" src=\"https:\/\/scriptor.de\/wp-content\/uploads\/2024\/07\/Port_Kachel_DFT_DE-495x400.png\" class=\"wp-image-20235 avia-img-lazy-loading-not-20235 attachment-portfolio size-portfolio wp-post-image\" alt=\"\" \/><\/a><div class='grid-content'><div class='avia-arrow'><\/div><header class=\"entry-content-header\" aria-label=\"Portfolio: DFT &#8211; D\u00fcrkopp F\u00f6rdertechnik\"><h3 class='grid-entry-title entry-title '  itemprop=\"headline\" ><a href='https:\/\/scriptor.de\/?portfolio=dft-duerkopp-foerdertechnik' title='DFT &#8211; D\u00fcrkopp F\u00f6rdertechnik'>DFT &#8211; D\u00fcrkopp F\u00f6rdertechnik<\/a><\/h3><\/header><\/div><footer class=\"entry-footer\"><\/footer><\/article><\/div><div data-ajax-id='14855' class=' grid-entry flex_column isotope-item all_sort no_margin post-entry post-entry-14855 grid-entry-overview grid-loop-2 grid-parity-even  projektportrait_sort  av_one_third  default_av_fullwidth '><article class='main_color inner-entry'  itemscope=\"itemscope\" itemtype=\"https:\/\/schema.org\/CreativeWork\" ><a href=\"https:\/\/scriptor.de\/?portfolio=maquet-cardiopulmonary-gmbh\" title='Maquet Cardiopulmonary GmbH'  data-rel='grid-1' class='grid-image avia-hover-fx'> <img decoding=\"async\" fetchpriority=\"high\" width=\"495\" height=\"400\" src=\"https:\/\/scriptor.de\/wp-content\/uploads\/2022\/12\/Portf_Kachel_Maquet-495x400.png\" class=\"wp-image-14925 avia-img-lazy-loading-not-14925 attachment-portfolio size-portfolio wp-post-image\" alt=\"Neuerstellung Entwicklungsbegleitend Porfolio Maquet Cardiopulmonar GmbH\" \/><small class='avia-copyright'>Scriptor Dokumentationsservice GmbH<\/small><\/a><div class='grid-content'><div class='avia-arrow'><\/div><header class=\"entry-content-header\" aria-label=\"Portfolio: Maquet Cardiopulmonary GmbH\"><h3 class='grid-entry-title entry-title '  itemprop=\"headline\" ><a href='https:\/\/scriptor.de\/?portfolio=maquet-cardiopulmonary-gmbh' title='Maquet Cardiopulmonary GmbH'>Maquet Cardiopulmonary GmbH<\/a><\/h3><\/header><\/div><footer class=\"entry-footer\"><\/footer><\/article><\/div><div data-ajax-id='12046' class=' grid-entry flex_column isotope-item all_sort no_margin post-entry post-entry-12046 grid-entry-overview grid-loop-3 grid-parity-odd  projektportrait_sort  av_one_third  default_av_fullwidth '><article class='main_color inner-entry'  itemscope=\"itemscope\" itemtype=\"https:\/\/schema.org\/CreativeWork\" ><a href=\"https:\/\/scriptor.de\/?portfolio=systec-uebersetzung-website-reiter-ziel-3\" title='A+F Automation + F\u00f6rdertechnik GmbH'  data-rel='grid-1' class='grid-image avia-hover-fx'> <img decoding=\"async\" fetchpriority=\"high\" width=\"495\" height=\"400\" src=\"https:\/\/scriptor.de\/wp-content\/uploads\/2022\/12\/Portf_Kachel_AuF-495x400.png\" class=\"wp-image-14921 avia-img-lazy-loading-not-14921 attachment-portfolio size-portfolio wp-post-image\" alt=\"Full Service Betriebsanleitungen A+F Autoation uns F\u00f6rdertechnik GmbH Scriptor Dokumentations GmbH Bielefeld\" \/><small class='avia-copyright'>Scriptor Dokumentations GmbH Bielefeld<\/small><\/a><div class='grid-content'><div class='avia-arrow'><\/div><header class=\"entry-content-header\" aria-label=\"Portfolio: A+F Automation + F\u00f6rdertechnik GmbH\"><h3 class='grid-entry-title entry-title '  itemprop=\"headline\" ><a href='https:\/\/scriptor.de\/?portfolio=systec-uebersetzung-website-reiter-ziel-3' title='A+F Automation + F\u00f6rdertechnik GmbH'>A+F Automation + F\u00f6rdertechnik GmbH<\/a><\/h3><\/header><\/div><footer class=\"entry-footer\"><\/footer><\/article><\/div><div data-ajax-id='12027' class=' grid-entry flex_column isotope-item all_sort no_margin post-entry post-entry-12027 grid-entry-overview grid-loop-4 grid-parity-even  projektportrait_sort  av_one_third first default_av_fullwidth '><article class='main_color inner-entry'  itemscope=\"itemscope\" itemtype=\"https:\/\/schema.org\/CreativeWork\" ><a href=\"https:\/\/scriptor.de\/?portfolio=systec-uebersetzung-website-reiter-ziel-2\" title='Harting Technologiegruppe'  data-rel='grid-1' class='grid-image avia-hover-fx'> <img decoding=\"async\" fetchpriority=\"high\" width=\"495\" height=\"400\" src=\"https:\/\/scriptor.de\/wp-content\/uploads\/2022\/12\/Portf_Kachel_Harting-495x400.png\" class=\"wp-image-14923 avia-img-lazy-loading-not-14923 attachment-portfolio size-portfolio wp-post-image\" alt=\"\u00dcbersetzung Website Portfolio Harting Scriptor Dokumentations GmbH Bielefeld\" \/><\/a><div class='grid-content'><div class='avia-arrow'><\/div><header class=\"entry-content-header\" aria-label=\"Portfolio: Harting Technologiegruppe\"><h3 class='grid-entry-title entry-title '  itemprop=\"headline\" ><a href='https:\/\/scriptor.de\/?portfolio=systec-uebersetzung-website-reiter-ziel-2' title='Harting Technologiegruppe'>Harting Technologiegruppe<\/a><\/h3><\/header><\/div><footer class=\"entry-footer\"><\/footer><\/article><\/div><div data-ajax-id='11884' class=' grid-entry flex_column isotope-item all_sort no_margin post-entry post-entry-11884 grid-entry-overview grid-loop-5 grid-parity-odd  post-entry-last  projektportrait_sort  av_one_third  default_av_fullwidth '><article class='main_color inner-entry'  itemscope=\"itemscope\" itemtype=\"https:\/\/schema.org\/CreativeWork\" ><a href=\"https:\/\/scriptor.de\/?portfolio=systec-uebersetzung-website-reiter-ziel\" title='Systec GmbH'  data-rel='grid-1' class='grid-image avia-hover-fx'> <img decoding=\"async\" fetchpriority=\"high\" width=\"495\" height=\"400\" src=\"https:\/\/scriptor.de\/wp-content\/uploads\/2022\/12\/Portf_Kachel_Systec-495x400.png\" class=\"wp-image-14927 avia-img-lazy-loading-not-14927 attachment-portfolio size-portfolio wp-post-image\" alt=\"Variantendokumentation f\u00fcr Stand Autoklaven Maquet Cardopulmonary GmbH Scriptor\" \/><\/a><div class='grid-content'><div class='avia-arrow'><\/div><header class=\"entry-content-header\" aria-label=\"Portfolio: Systec GmbH\"><h3 class='grid-entry-title entry-title '  itemprop=\"headline\" ><a href='https:\/\/scriptor.de\/?portfolio=systec-uebersetzung-website-reiter-ziel' title='Systec GmbH'>Systec GmbH<\/a><\/h3><\/header><\/div><footer class=\"entry-footer\"><\/footer><\/article><\/div><\/div><\/div>\n\n<style type=\"text\/css\" data-created_by=\"avia_inline_auto\" id=\"style-css-av-tsvcmb-ac063a9e068c77dcbe3d08af04ddaf0b\">\n#top .hr.hr-invisible.av-tsvcmb-ac063a9e068c77dcbe3d08af04ddaf0b{\nheight:100px;\n}\n<\/style>\n<div  class='hr av-tsvcmb-ac063a9e068c77dcbe3d08af04ddaf0b hr-invisible  avia-builder-el-16  el_after_av_one_full  avia-builder-el-last '><span class='hr-inner '><span class=\"hr-inner-style\"><\/span><\/span><\/div>\n","protected":false},"excerpt":{"rendered":"","protected":false},"author":4,"featured_media":0,"parent":0,"menu_order":0,"comment_status":"closed","ping_status":"closed","template":"","meta":{"footnotes":""},"class_list":["post-11043","page","type-page","status-publish","hentry"],"_links":{"self":[{"href":"https:\/\/scriptor.de\/index.php?rest_route=\/wp\/v2\/pages\/11043","targetHints":{"allow":["GET"]}}],"collection":[{"href":"https:\/\/scriptor.de\/index.php?rest_route=\/wp\/v2\/pages"}],"about":[{"href":"https:\/\/scriptor.de\/index.php?rest_route=\/wp\/v2\/types\/page"}],"author":[{"embeddable":true,"href":"https:\/\/scriptor.de\/index.php?rest_route=\/wp\/v2\/users\/4"}],"replies":[{"embeddable":true,"href":"https:\/\/scriptor.de\/index.php?rest_route=%2Fwp%2Fv2%2Fcomments&post=11043"}],"version-history":[{"count":78,"href":"https:\/\/scriptor.de\/index.php?rest_route=\/wp\/v2\/pages\/11043\/revisions"}],"predecessor-version":[{"id":20241,"href":"https:\/\/scriptor.de\/index.php?rest_route=\/wp\/v2\/pages\/11043\/revisions\/20241"}],"wp:attachment":[{"href":"https:\/\/scriptor.de\/index.php?rest_route=%2Fwp%2Fv2%2Fmedia&parent=11043"}],"curies":[{"name":"wp","href":"https:\/\/api.w.org\/{rel}","templated":true}]}}