{"id":7693,"date":"2022-02-10T12:28:36","date_gmt":"2022-02-10T11:28:36","guid":{"rendered":"https:\/\/scriptor.de\/?page_id=7693"},"modified":"2023-08-22T10:06:29","modified_gmt":"2023-08-22T08:06:29","slug":"datenschutz","status":"publish","type":"page","link":"https:\/\/scriptor.de\/?page_id=7693","title":{"rendered":"Datenschutz"},"content":{"rendered":"<div id='anker_leitlinien'  class='av-layout-grid-container av-av_layout_row-f1f59447b7dc7c48fa830c7259a2b3db entry-content-wrapper main_color av-flex-cells  avia-builder-el-0  el_before_av_section  avia-builder-el-first   container_wrap sidebar_right'  >\n\n<style type=\"text\/css\" data-created_by=\"avia_inline_auto\" id=\"style-css-av-av_cell_one_fifth-248686f3050281c9558d8da010e9c35a\">\n.flex_cell.av-av_cell_one_fifth-248686f3050281c9558d8da010e9c35a{\nvertical-align:middle;\nheight:75px;\nmin-height:75px;\nbackground-color:rgba(209,216,49,0.61);\n}\n<\/style>\n<div class='flex_cell av-av_cell_one_fifth-248686f3050281c9558d8da010e9c35a av-gridrow-cell av_one_fifth no_margin av-hide-on-mobile  avia-builder-el-1  el_before_av_cell_one_fifth  avia-builder-el-first  content-align-middle'  ><div class='flex_cell_inner'><\/div><\/div>\n<style type=\"text\/css\" data-created_by=\"avia_inline_auto\" id=\"style-css-av-av_cell_one_fifth-248686f3050281c9558d8da010e9c35a\">\n.flex_cell.av-av_cell_one_fifth-248686f3050281c9558d8da010e9c35a{\nvertical-align:middle;\nheight:75px;\nmin-height:75px;\nbackground-color:rgba(209,216,49,0.61);\n}\n<\/style>\n<div class='flex_cell av-av_cell_one_fifth-248686f3050281c9558d8da010e9c35a av-gridrow-cell av_one_fifth no_margin av-hide-on-mobile  avia-builder-el-2  el_after_av_cell_one_fifth  el_before_av_cell_one_fifth  content-align-middle'  ><div class='flex_cell_inner'><\/div><\/div>\n<style type=\"text\/css\" data-created_by=\"avia_inline_auto\" id=\"style-css-av-av_cell_one_fifth-5fa61b75441d666c455e65f4a5ac7da1\">\n.flex_cell.av-av_cell_one_fifth-5fa61b75441d666c455e65f4a5ac7da1{\nvertical-align:middle;\nheight:75px;\nmin-height:75px;\nbackground-color:#d1d831;\n}\n<\/style>\n<div class='flex_cell av-av_cell_one_fifth-5fa61b75441d666c455e65f4a5ac7da1 av-gridrow-cell av_one_fifth no_margin  avia-builder-el-3  el_after_av_cell_one_fifth  el_before_av_cell_one_fifth  content-align-middle'  ><div class='flex_cell_inner'>\n<style type=\"text\/css\" data-created_by=\"avia_inline_auto\" id=\"style-css-av-llm0v6uh-beaea69f870f8816fcebc4a7195bcaf4\">\n#top .av-special-heading.av-llm0v6uh-beaea69f870f8816fcebc4a7195bcaf4{\nmargin:-15px 0px -15px 0px;\npadding-bottom:0;\ncolor:#ffffff;\n}\nbody .av-special-heading.av-llm0v6uh-beaea69f870f8816fcebc4a7195bcaf4 .av-special-heading-tag .heading-char{\nfont-size:25px;\n}\n.av-special-heading.av-llm0v6uh-beaea69f870f8816fcebc4a7195bcaf4 .special-heading-inner-border{\nborder-color:#eeee22;\n}\n.av-special-heading.av-llm0v6uh-beaea69f870f8816fcebc4a7195bcaf4 .av-subheading{\nfont-size:15px;\ncolor:#b02b2c;\n}\nbody .av-special-heading.av-llm0v6uh-beaea69f870f8816fcebc4a7195bcaf4 .av-special-heading-tag .heading-wrap:before{\nborder-color:#eeee22;\n}\nbody .av-special-heading.av-llm0v6uh-beaea69f870f8816fcebc4a7195bcaf4 .av-special-heading-tag .heading-wrap:after{\nborder-color:#eeee22;\n}\n<\/style>\n<div  class='av-special-heading av-llm0v6uh-beaea69f870f8816fcebc4a7195bcaf4 av-special-heading-h2 custom-color-heading blockquote modern-quote modern-centered  avia-builder-el-4  avia-builder-el-no-sibling  av-small-hide av-mini-hide'><h2 class='av-special-heading-tag '  itemprop=\"headline\"  >DATENSCHUTZ<\/h2><div class=\"special-heading-border\"><div class=\"special-heading-inner-border\"><\/div><\/div><\/div>\n<\/div><\/div>\n<style type=\"text\/css\" data-created_by=\"avia_inline_auto\" id=\"style-css-av-av_cell_one_fifth-248686f3050281c9558d8da010e9c35a\">\n.flex_cell.av-av_cell_one_fifth-248686f3050281c9558d8da010e9c35a{\nvertical-align:middle;\nheight:75px;\nmin-height:75px;\nbackground-color:rgba(209,216,49,0.61);\n}\n<\/style>\n<div class='flex_cell av-av_cell_one_fifth-248686f3050281c9558d8da010e9c35a av-gridrow-cell av_one_fifth no_margin av-hide-on-mobile  avia-builder-el-5  el_after_av_cell_one_fifth  el_before_av_cell_one_fifth  content-align-middle'  ><div class='flex_cell_inner'><\/div><\/div>\n<style type=\"text\/css\" data-created_by=\"avia_inline_auto\" id=\"style-css-av-av_cell_one_fifth-248686f3050281c9558d8da010e9c35a\">\n.flex_cell.av-av_cell_one_fifth-248686f3050281c9558d8da010e9c35a{\nvertical-align:middle;\nheight:75px;\nmin-height:75px;\nbackground-color:rgba(209,216,49,0.61);\n}\n<\/style>\n<div class='flex_cell av-av_cell_one_fifth-248686f3050281c9558d8da010e9c35a av-gridrow-cell av_one_fifth no_margin av-hide-on-mobile  avia-builder-el-6  el_after_av_cell_one_fifth  avia-builder-el-last  content-align-middle'  ><div class='flex_cell_inner'><\/div><\/div><\/div>\n<style type=\"text\/css\" data-created_by=\"avia_inline_auto\" id=\"style-css-av-l3cphjdc-7aa3e87c15a72732116063d8cf12c568\">\n.avia-section.av-l3cphjdc-7aa3e87c15a72732116063d8cf12c568{\nbackground-color:#d1d831;\nbackground-image:unset;\nmargin-top:0px;\nmargin-bottom:0px;\n}\n<\/style>\n<div id='av_section_1'  class='avia-section av-l3cphjdc-7aa3e87c15a72732116063d8cf12c568 main_color avia-section-no-padding avia-no-border-styling  avia-builder-el-7  el_after_av_layout_row  el_before_av_textblock  av-desktop-hide av-medium-hide avia-bg-style-scroll container_wrap sidebar_right'  ><div class='container av-section-cont-open' ><div class='template-page content  av-content-small alpha units'><div class='post-entry post-entry-type-page post-entry-7693'><div class='entry-content-wrapper clearfix'>\n\n<style type=\"text\/css\" data-created_by=\"avia_inline_auto\" id=\"style-css-av-32rv19-2ffe003dcbb3ace94641621b0bb13217\">\n#top .hr.hr-invisible.av-32rv19-2ffe003dcbb3ace94641621b0bb13217{\nheight:50px;\n}\n<\/style>\n<div  class='hr av-32rv19-2ffe003dcbb3ace94641621b0bb13217 hr-invisible  avia-builder-el-8  el_before_av_heading  avia-builder-el-first '><span class='hr-inner '><span class=\"hr-inner-style\"><\/span><\/span><\/div>\n\n<style type=\"text\/css\" data-created_by=\"avia_inline_auto\" id=\"style-css-av-l3cphr80-7a61005b7b1fb81e0866b78b6a5325c5\">\n#top .av-special-heading.av-l3cphr80-7a61005b7b1fb81e0866b78b6a5325c5{\nmargin:0 0 -50px 0;\npadding-bottom:0;\ncolor:#ffffff;\n}\nbody .av-special-heading.av-l3cphr80-7a61005b7b1fb81e0866b78b6a5325c5 .av-special-heading-tag .heading-char{\nfont-size:25px;\n}\n.av-special-heading.av-l3cphr80-7a61005b7b1fb81e0866b78b6a5325c5 .special-heading-inner-border{\nborder-color:#ffffff;\n}\n.av-special-heading.av-l3cphr80-7a61005b7b1fb81e0866b78b6a5325c5 .av-subheading{\nfont-size:15px;\n}\n<\/style>\n<div  class='av-special-heading av-l3cphr80-7a61005b7b1fb81e0866b78b6a5325c5 av-special-heading-h2 custom-color-heading blockquote modern-quote modern-centered  avia-builder-el-9  el_after_av_hr  avia-builder-el-last '><h2 class='av-special-heading-tag '  itemprop=\"headline\"  >DATENSCHUTZ<\/h2><div class=\"special-heading-border\"><div class=\"special-heading-inner-border\"><\/div><\/div><\/div>\n<\/div><\/div><\/div><!-- close content main div --><\/div><\/div><div id='after_section_1'  class='main_color av_default_container_wrap container_wrap sidebar_right'  ><div class='container av-section-cont-open' ><div class='template-page content  av-content-small alpha units'><div class='post-entry post-entry-type-page post-entry-7693'><div class='entry-content-wrapper clearfix'><\/p>\n<section  class='av_textblock_section av-jte96ctp-72ab8188c8c0fbef6c7d2eb6f6a66eae '   itemscope=\"itemscope\" itemtype=\"https:\/\/schema.org\/CreativeWork\" ><div class='avia_textblock'  itemprop=\"text\" ><p><b>Mit dieser Datenschutzerkl\u00e4rung m\u00f6chten wir Ihnen einen \u00dcberblick \u00fcber die Erhebung und Verarbeitung Ihrer Daten im Bezug auf die aktuellen Datenschutzvorschriften bei der Scriptor Dokumentations Service GmbH geben.<\/b><\/p>\n<h2>1. Welche Daten wir von Ihnen erfassen?<\/h2>\n<p>Auf Basis unseres berechtigten Interesses (Art. 6 Abs. 1 lit. f. DSGVO) erheben wir Daten \u00fcber jeden Zugriff auf den Server, auf dem sich unsere Webseiten befinden. Zu den Zugriffsdaten geh\u00f6ren:<\/p>\n<ul>\n<li>Besuchte Website<\/li>\n<li>Referrer URL<\/li>\n<li>Uhrzeit zum Zeitpunkt der Serveranfrage \u2013 des Besuches<\/li>\n<li>Menge der gesendeten Daten in Byte<\/li>\n<li>Verwendeter Browser und Version<\/li>\n<li>Verwendetes Betriebssystem<\/li>\n<li>Verwendete IP-Adresse<\/li>\n<\/ul>\n<p>Die Logfiles werden aus Sicherheitsgr\u00fcnden f\u00fcr die Dauer von maximal 90 Tagen gespeichert und danach gel\u00f6scht. Daten, deren weitere Aufbewahrung zu Beweiszwecken erforderlich ist, sind bis zur endg\u00fcltigen Kl\u00e4rung des jeweiligen Vorfalls von der L\u00f6schung ausgenommen.<\/p>\n<h3>1.1 Cookies<\/h3>\n<p>\u201eCookies\u201c bezeichnen kleine Dateien, die auf Rechnern der Nutzer gespeichert werden. In Cookies k\u00f6nnen unterschiedliche Daten gespeichert werden. Ein Cookie hat vordergr\u00fcndig den Zweck, Nutzerangaben (bspw. Ger\u00e4teart, des speichernden Mediums) w\u00e4hrend oder auch nach Besuch eines Onlineangebotes zu speichern. \u201ePermanente\u201c oder \u201epersistente\u201c Cookies bleiben auch nach dem Schlie\u00dfen des Browsers gespeichert (z.B. Login-Status) und eignen sich so, die Interessen der Nutzer zu speichern und sie f\u00fcr Reichweitenmessungen oder Marketingzwecke zu verwenden. \u201eThird-Party-Cookies\u201c sind solche anderer Anbieter als dem Verantwortlichen, der das Onlineangebot betreibt (ansonsten \u201eFirst-Party Cookies\u201c).<\/p>\n<p>Falls Sie nicht m\u00f6chten, dass Cookies auf ihrem Rechner gespeichert werden, m\u00fcssen Sie die entsprechenden Optionen in Ihrem Browser selbst vornehmen und die L\u00f6schung konfigurieren. Der Ausschluss von Cookies kann zu Funktionseinschr\u00e4nkungen dieses Onlineangebotes f\u00fchren.<\/p>\n<h3>1.2 Newsletter<\/h3>\n<p>Nachfolgend erhalten Sie die wesentlichen Informationen zu unserem Newsletter (Inhalte, Anmeldung, K\u00fcndigung, Versand, und Auswertung. Durch Ihr Newsletterabonnement, zeigen Sie sich mit den erl\u00e4uterten Verfahren einverstanden.<\/p>\n<h4>1.2.1 Inhalte<\/h4>\n<p>Der Begriff Newsletter erfasst alle elektronischen Mitteilungen (prim\u00e4r E-Mail), die wir zu werbenden Zwecken (Informationen \u00fcber uns und unsere Leistungen) versenden. Der Versand erfolgt ausschlie\u00dflich, wenn er durch eine zugrundeliegende Einwilligung des Empf\u00e4ngers oder eine gesetzliche Erlaubnis gerechtfertigt ist (Art. 6 Abs. 1 lit. a, Art. 6 DSGVO i.V.m \u00a7 7 Abs. 2 Nr. 3 UWG, \u00a7 7 Abs. 3 UWG).<\/p>\n<h4>1.2.2 Anmeldung<\/h4>\n<p>Die Anmeldung zu unserem Newsletter erfolgt nach pers\u00f6nlichem Gespr\u00e4ch und einer Einwilligung. Hierdurch wird ausgeschlossen, dass fremde E-Mailadressen in unseren Verteiler aufgenommen werden. Die Einwilligung zum Newsletter wird in unserem CMS-System durch Wahl des Feldes \u201eNewsletter\u201c protokolliert. \u00c4nderungen Ihrer hinterlegten Daten werden ebenfalls protokolliert. Wir protokollieren Ihre Anmeldung aufgrund unseres berechtigten Interesses eines nutzerfreundlichen und sicheren Mailverteilers, der unseren Dokumentationspflichten Rechnung tr\u00e4gt (Art. 6 Abs. 1 lit. f DSGVO).<\/p>\n<h4>1.2.3 K\u00fcndigung<\/h4>\n<p>Sie k\u00f6nnen Ihre Einwilligung zum Newsletter jederzeit widerrufen und k\u00fcndigen. Dazu verwenden Sie bitte unsere zentrale Mailadresse info@scriptor.de oder den Abmeldungsverweis am Ende eines jeden Newsletters. Ausgetragene E-Mailadressen werden aufgrund der Nachweispflichten zur Einwilligung bis zu drei Jahre gespeichert (berechtigtes Interesse gem. Art. 6 Abs. 1 lit. f DSGVO) Ein Antrag zur finalen L\u00f6schung, der uns jedoch das einstige Bestehen der Einwilligung best\u00e4tigt, steht Ihnen daneben offen.<\/p>\n<h4>1.2.4 Versanddienstleister<\/h4>\n<p>Wir versenden die Newsletter mithilfe der Software \u201eOutlook\u201c des US-Anbieters Microsoft.<\/p>\n<h4>1.2.5 Auswertung<\/h4>\n<p>Es erfolgt keine Auswertung durch Zusatzprogramme des Nutzerverhaltens im Hinblick auf Verwendung des Newsletters.<\/p>\n<h3>1.3 Kontaktaufnahme<\/h3>\n<p>Im Falle einer Kontaktaufnahme mit uns (z.B. per E-Mail, Telefon, Produktanfrage oder via sozialer Medien) verarbeiten wir Ihre Angaben zur diesem Zweck gem. Art. 6 Abs. 1 lit. b) DSGVO. Ihre Angaben k\u00f6nnen in einem Customer-Relationship-Management System (\u201eCRM System\u201c) oder einer vergleichbaren Datenbank gespeichert werden. Wir l\u00f6schen die Anfragen, sofern diese nicht mehr erforderlich sind. Im Falle einer Kontaktaufnahme durch uns erfahren Sie unseren Umgang mit Ihren Daten unter DSVGO nach Art. 13 und DSVGO nach Art. 14 auf unserer Webseite.<\/p>\n<h2>2. L\u00f6schen von Daten<\/h2>\n<p>Entsprechend der gesetzlichen Bestimmungen (Art. 17, 18 DSGVO) werden verarbeitete personenbezogene Daten von uns grunds\u00e4tzlich nach Wegfall des Zwecks zur Datenverarbeitung gel\u00f6scht bzw. eingeschr\u00e4nkt. F\u00fcr einige Verarbeitungsverfahren finden sich zudem ausdr\u00fcckliche L\u00f6schfristen in der Datenschutzerkl\u00e4rung (s.o.). Die Einschr\u00e4nkung betrifft F\u00e4lle, in denen Daten nicht gel\u00f6scht werden, weil sie f\u00fcr andere berechtigte Zwecke erforderlich sind und lediglich im Hinblick auf diese zul\u00e4ssigen Verarbeitungsverfahren weiter genutzt werden. Zus\u00e4tzlich sind die gesetzlichen Aufbewahrungspflichten die einer unmittelbaren L\u00f6schung nach Wegfall des Zwecks entgegenstehen, zu beachten. Hier sind insbesondere die handelsrechtlichen (\u00a7 257 Abs. 1 HGB) und steuerrechtlichen (\u00a7 147 Abs. 1 AO) Dokumentationspflichten ma\u00dfgeblich, die eine L\u00f6schung erst nach 6 Jahren (Handelsb\u00fccher, Inventare, Er\u00f6ffnungsbilanzen, Jahresabschl\u00fcsse, Handelsbriefe, Buchungsbelege, etc.) oder 10 Jahren (B\u00fccher, Aufzeichnungen, Lageberichte, Buchungsbelege, Handels- und Gesch\u00e4ftsbriefe, F\u00fcr Besteuerung relevante Unterlagen, etc.) erm\u00f6glichen.<\/p>\n<h2>3. \u00dcbermittlung an Dritte<\/h2>\n<p>Soweit innerhalb unserer Verarbeitungsverfahren Daten an andere Personen oder Unternehmen \u00fcbermittelt werden oder solche Dritte in anderer Weise Zugriff auf Ihre Daten erhalten, erfolgt dies nur auf Basis von Art. 6 Abs. 1 DSGVO, Ihrer Einwilligung oder unseres berechtigten Interesses. Zudem erfolgt, sofern erforderlich der Abschluss eines Auftragsverarbeitungsvertrages (Art. 28 DSGVO).<\/p>\n<\/div><\/section>\n","protected":false},"excerpt":{"rendered":"","protected":false},"author":4,"featured_media":0,"parent":0,"menu_order":0,"comment_status":"closed","ping_status":"closed","template":"","meta":{"footnotes":""},"class_list":["post-7693","page","type-page","status-publish","hentry"],"_links":{"self":[{"href":"https:\/\/scriptor.de\/index.php?rest_route=\/wp\/v2\/pages\/7693","targetHints":{"allow":["GET"]}}],"collection":[{"href":"https:\/\/scriptor.de\/index.php?rest_route=\/wp\/v2\/pages"}],"about":[{"href":"https:\/\/scriptor.de\/index.php?rest_route=\/wp\/v2\/types\/page"}],"author":[{"embeddable":true,"href":"https:\/\/scriptor.de\/index.php?rest_route=\/wp\/v2\/users\/4"}],"replies":[{"embeddable":true,"href":"https:\/\/scriptor.de\/index.php?rest_route=%2Fwp%2Fv2%2Fcomments&post=7693"}],"version-history":[{"count":4,"href":"https:\/\/scriptor.de\/index.php?rest_route=\/wp\/v2\/pages\/7693\/revisions"}],"predecessor-version":[{"id":18630,"href":"https:\/\/scriptor.de\/index.php?rest_route=\/wp\/v2\/pages\/7693\/revisions\/18630"}],"wp:attachment":[{"href":"https:\/\/scriptor.de\/index.php?rest_route=%2Fwp%2Fv2%2Fmedia&parent=7693"}],"curies":[{"name":"wp","href":"https:\/\/api.w.org\/{rel}","templated":true}]}}